{"id":513,"date":"2024-08-18T00:28:55","date_gmt":"2024-08-18T00:28:55","guid":{"rendered":"https:\/\/ragusainn.com\/?page_id=513"},"modified":"2025-12-22T11:56:47","modified_gmt":"2025-12-22T11:56:47","slug":"cookie-policy","status":"publish","type":"page","link":"https:\/\/ragusainn.com\/eng\/cookie-policy\/","title":{"rendered":"Cookie policy"},"content":{"rendered":"[et_pb_section fb_built=&#8221;1&#8243; admin_label=&#8221;section&#8221; _builder_version=&#8221;4.16&#8243; global_colors_info=&#8221;{}&#8221;][et_pb_row admin_label=&#8221;row&#8221; _builder_version=&#8221;4.16&#8243; background_size=&#8221;initial&#8221; background_position=&#8221;top_left&#8221; background_repeat=&#8221;repeat&#8221; global_colors_info=&#8221;{}&#8221;][et_pb_column type=&#8221;4_4&#8243; _builder_version=&#8221;4.16&#8243; custom_padding=&#8221;|||&#8221; global_colors_info=&#8221;{}&#8221; custom_padding__hover=&#8221;|||&#8221;][et_pb_text admin_label=&#8221;Text&#8221; _builder_version=&#8221;4.21.0&#8243; background_size=&#8221;initial&#8221; background_position=&#8221;top_left&#8221; background_repeat=&#8221;repeat&#8221; hover_enabled=&#8221;0&#8243; global_colors_info=&#8221;{}&#8221; text_font=&#8221;Montserrat||||||||&#8221; text_font_size=&#8221;15px&#8221; sticky_enabled=&#8221;0&#8243;]<p><\/p>\n<h2 class=\"wp-block-heading\"><strong>INFORMATIVA SULL\u2019USO DEI COOKIE<\/strong><\/h2>\n<p><strong>\u00a0<\/strong><\/p>\n<p>L\u2019informativa sull\u2019uso dei cookie descrive le tipologie di cookie utilizzati dal sito web www.ragusainn.com, le finalit\u00e0 dei cookie installati, e le modalit\u00e0 con cui l\u2019utente pu\u00f2 selezionare o deselezionare i cookie presenti sul Sito e che fruiscono dei servizi proposti, ed \u00e8 rilasciata ai sensi degli artt. 13, comma 3 e 122, comma 1, del D.Lgs. 196\/2003 (\u201cCodice in materia di protezione dei dati personali\u201d).<\/p>\n<p>I cookie servono per rendere il Sito pi\u00f9 facile e intuitivo, in quanto i dati raccolti dai cookie servono per rendere l\u2019esperienza di navigazione pi\u00f9 piacevole e pi\u00f9 efficiente in futuro.<\/p>\n<p>\u00a0<strong>TIPOLOGIE DI COOKIE<\/strong><\/p>\n<p>I cookie sono piccoli file di testo che i siti visitati dagli utenti inviano ai loro terminali, ove vengono memorizzati per essere poi ritrasmessi agli stessi siti alla visita successiva. I cookie delle c.d. &#8220;terze parti&#8221; vengono, invece, impostati da un sito web diverso da quello che l&#8217;utente sta visitando. Questo perch\u00e9 su ogni sito possono essere presenti elementi (immagini, mappe, suoni, specifici link a pagine web di altri domini, ecc.) che risiedono su server diversi da quello del sito visitato.<\/p>\n<p>Con il termine cookie si vuol far riferimento sia ai cookie, propriamente detti, sia a tutte le tecnologie similari. I cookie sono usati per accedere pi\u00f9 rapidamente ai servizi online e per migliorare la navigazione dell\u2019utente attraverso il monitoraggio di sessioni, la memorizzazione di informazioni degli utenti, il caricamento pi\u00f9 rapido dei contenuti, etc.<\/p>\n<p>\u00a0I cookie possono essere:<\/p>\n<ul>\n<li><strong>Cookie di prima parte<\/strong>: sono i cookie proprietari utilizzati dal titolare del Sito al fine di consentire all\u2019utente di navigare in modo pi\u00f9 efficiente e\/o di monitorare le azioni esercitate dallo stesso;<\/li>\n<li><strong>Cookie di terza parte<\/strong>: sono i cookie impostati da un sito diverso da quello che si sta attualmente visitando al fine di consentire all\u2019utente di navigare in modo pi\u00f9 efficiente e\/o di monitorare le azioni esercitate dallo stesso.<\/li>\n<\/ul>\n<p>&nbsp;<\/p>\n<p>Inoltre, si distinguono diverse tipologie di cookie:<\/p>\n<ol>\n<li><strong>Cookie Tecnici<\/strong>: utilizzati al solo fine di \u201ceffettuare la trasmissione di una comunicazione su una rete di comunicazione elettronica, o nella misura strettamente necessaria al fornitore di un servizio della societ\u00e0 dell\u2019informazione esplicitamente richiesto dall\u2019abbonato o dall\u2019utente a erogare tale servizio\u201d (art. 122, comma 1, del Codice Privacy). I cookie tecnici ricomprendono:<\/li>\n<\/ol>\n<ul>\n<li><strong>Cookie di Sessione o di Navigazione<\/strong>: sono utilizzati per tenere traccia dell\u2019attivit\u00e0 dell\u2019utente in rete. Garantiscono la normale navigazione e fruizione del Sito, permettendo ad esempio di navigare pi\u00f9 rapidamente, di realizzare un acquisto o di autenticarsi per accedere ad aree riservate, e sono di fatto necessari per il suo corretto funzionamento.<\/li>\n<li><strong>Cookie di Funzionalit\u00e0<\/strong>: permettono all\u2019utente la navigazione in funzione di una serie di criteri selezionati (ad esempio, la lingua, i prodotti selezionati per l\u2019acquisto) al fine di migliorare il servizio reso allo stesso.<\/li>\n<\/ul>\n<p>&nbsp;<\/p>\n<ol start=\"2\">\n<li><strong>Cookie Analitici di prima parte<\/strong>: assimilati sul piano normativo ai cookie tecnici se utilizzati direttamente dal titolare del Sito senza effettuare la profilazione dell\u2019utente ma solo per raccogliere informazioni, in forma aggregata e anonima, sul numero degli utenti e su come questi visitano il Sito per finalit\u00e0 statistiche e per migliorare le performance del Sito.<\/li>\n<\/ol>\n<ol>\n<li><strong>Cookie Analitici di terza parte<\/strong>: sono messi a disposizione da soggetti terzi e vengono assimilati ai cookie tecnici se le terze parti non effettuano la profilazione dell\u2019utente mediante l\u2019utilizzo di strumenti idonei a ridurre il potere identificativo dei cookie (per esempio, mediante il mascheramento di porzioni significative dell\u2019indirizzo IP) e senza incrociare le informazioni raccolte con altre di cui gi\u00e0 dispongono.<\/li>\n<li><strong>Cookie di Profilazione<\/strong>: sono utilizzati per monitorare la navigazione web dell\u2019utente e creare un profilo delle sue abitudini.<\/li>\n<\/ol>\n<ul>\n<li><strong>Cookie di profilazione di prima parte<\/strong>: installati dal titolare del Sito per creare profili relativi all\u2019utente al fine di inviare messaggi pubblicitari in linea con le preferenze manifestate durante la navigazione in rete. Data la loro particolare invasivit\u00e0 nella sfera privata degli utenti, la normativa europea e italiana richiede che l\u2019utente debba essere adeguatamente informato sull\u2019uso degli stessi, che esprima il proprio consenso e che venga effettuata la notifica al Garante della Privacy.<\/li>\n<li><strong>Cookie di profilazione di terza parte<\/strong>: usati da soggetti terzi che accedono alle informazioni in chiaro, quindi non in modalit\u00e0 anonima e aggregata, e li incrociano con altri dati gi\u00e0 in loro possesso. Il Sito non ha un controllo diretto dei singoli cookie di terze parti e non pu\u00f2 n\u00e9 installarli direttamente n\u00e9 cancellarli. L\u2019utente \u00e8 pertanto invitato a verificare sul sito della terza parte la relativa informativa relativa ai cookie. Per tali cookie la normativa prevede che l\u2019utente debba essere adeguatamente informato sull\u2019uso degli stessi, che esprima il proprio consenso nonch\u00e9 che venga effettuata la notifica al Garante Privacy da parte del soggetto che utilizza i dati.<\/li>\n<\/ul>\n<p>Per i cookie tecnici \u00e8 richiesto il solo rilascio della Cookie Policy senza necessit\u00e0 di richiedere il consenso.<\/p>\n<p><strong>\u00a0<\/strong><\/p>\n<p><strong>COOKIE INSTALLATI<\/strong><\/p>\n<p>I cookie presenti su questo Sito sono:<\/p>\n<ul>\n<li>Cookie tecnici: sono necessari per rendere fruibile il Sito, abilitando le funzioni di base come la navigazione della pagina e l&#8217;accesso alle aree protette del sito. Il sito web non pu\u00f2 funzionare correttamente senza questi cookie. E&#8217; possibile modificare le impostazioni del browser per accettare o rifiutare questo tipo di cookie. Si prega di fare riferimento alle indicazioni fornite dallo specifico browser utilizzato \u2013 si veda sotto.<\/li>\n<\/ul>\n<ul>\n<li>Cookie di profilazione: si tratta di cookie statistici che aiutano a capire come i visitatori interagiscono con il Sito raccogliendo e trasmettendo informazioni in forma anonima. I cookie per il marketing vengono utilizzati per monitorare i visitatori nei siti web. L&#8217;intento \u00e8 quello di visualizzare annunci pertinenti e coinvolgenti per il singolo utente e quindi quelli di maggior valore per gli editori e gli inserzionisti terzi.<\/li>\n<\/ul>\n<ul>\n<li>Cookie non classificati: sono i cookie che sono in fase di classificazione, insieme ai fornitori di cookie individuali.<\/li>\n<\/ul>\n<p><strong>\u00a0<\/strong>In relazione ai cookie di terza parte, questi potrebbero effettuare attivit\u00e0 di profilazione dell\u2019utente anche all\u2019insaputa del Titolare. Per maggiori informazioni si consiglia di consultare con attenzione le privacy policy dei servizi elencati. Si sottolinea che i cookie analitici di terza parte hanno potenzialit\u00e0 identificative ridotte, e sono finalizzati al monitoraggio del sito da parte degli utenti per ottimizzare la piattaforma web e le statistiche (analitici). La base giuridica che legittima il trattamento di dati personali per questa finalit\u00e0 \u00e8 da rivenirsi nell\u2019ipotesi prevista dall\u2019art. 6 par. 1, lett. b) del Regolamento UE n. 679\/2016, ovvero per consentire all\u2019utente di fruire del servizio richiesto.<\/p>\n<p>&nbsp;<\/p>\n<p><strong>DURATA DEI COOKIE<\/strong><\/p>\n<p>I cookie hanno una durata dettata dalla data di scadenza o da un\u2019azione specifica come la chiusura del browser impostata al momento dell\u2019installazione. I cookie possono essere:<\/p>\n<ul>\n<li><strong>temporanei o di sessione<\/strong>: sono utilizzati per archiviare informazioni temporanee, consentono di collegare le azioni eseguite durante una sessione specifica e vengono rimossi dal computer alla chiusura del browser;<\/li>\n<li><strong>persistenti<\/strong>: sono utilizzati per archiviare informazioni, ad esempio il nome e la password di accesso, in modo da evitare che l\u2019utente debba digitarli nuovamente ogni volta che visita un sito specifico. Questi rimangono memorizzati nel computer anche dopo aver chiuso il browser.<\/li>\n<\/ul>\n<p>\u00a0I dati personali raccolti ed elaborati a seguito della navigazione del Sito verranno conservati per tutto il periodo di erogazione del servizio e poi immediatamente cancellati. I cookie tecnici e analitici installati attraverso il sito sono temporanei e si cancellano automaticamente dopo 30 giorni dalla loro installazione.<\/p>\n<p>\u00a0I dati personali inviati autonomamente dagli utenti attraverso gli strumenti presenti sul sito verranno cancellati dopo aver fornito il servizio richiesto o aver risposto agli stessi, nel termine massimo di 30 giorni dall\u2019esaurimento di tale attivit\u00e0, ad eccezione di quelli necessari per il rispetto di normative fiscali, contabili e amministrative o per adempiere ad altri obblighi di legge e per documentare le attivit\u00e0 svolte.<\/p>\n<p>\u00a0<strong>MANIFESTAZIONE DEL CONSENSO<\/strong><\/p>\n<p>Per i cookie che richiedono il consenso, alla prima visita del Sito l\u2019utente visualizza automaticamente un banner, contenente sia il link alla presente informativa completa che la richiesta di manifestazione del consenso all\u2019utilizzo dei cookie.<\/p>\n<p>Il consenso pu\u00f2 essere prestato dall\u2019utente cliccando il pulsante \u201cOk\u201d su \u201cAccetta Cookie\u201d.<\/p>\n<p>\u00a0<strong>COME DISABILITARE I COOKIE<\/strong><\/p>\n<p>L\u2019utente pu\u00f2 gestire le preferenze relative ai cookie direttamente all\u2019interno del proprio browser ed impedire che terze parti possano installarne. Tramite le preferenze del browser \u00e8 inoltre possibile eliminare i cookie installati in passato, incluso il cookie in cui venga eventualmente salvato il consenso all\u2019installazione di cookie da parte di questo Sito. Disabilitando tutti i cookie, il funzionamento di questo Sito potrebbe risultare compromesso.<\/p>\n<p>\u00a0L\u2019utente pu\u00f2 trovare informazioni e esercitare il proprio diritto ad opporsi al tracciamento dei cookie nel suo browser:<\/p>\n<ol>\n<li>Internet Explorer:\u00a0http:\/\/windows.microsoft.com\/it-IT\/internet-explorer\/delete-manage-cookies;<\/li>\n<li>Google Chrome:\u00a0https:\/\/support.google.com\/chrome\/answer\/95647?hl=it;<\/li>\n<li>Mozilla Firefox:\u00a0https:\/\/support.mozilla.org\/it\/kb\/Gestione%20dei%20cookie;<\/li>\n<li>Opera:\u00a0http:\/\/help.opera.com\/Windows\/10.00\/it\/cookies.html;<\/li>\n<li>Apple Safari:\u00a0https:\/\/support.apple.com\/kb\/PH19214?locale=it_IT.<\/li>\n<\/ol>\n<p>Inoltre si pu\u00f2 procedere alla cancellazione dei cookie chiedendo l\u2019opt-out direttamente alle terze parti o tramite il sito\u00a0http:\/\/www.youronlinechoices.com\/it, dove \u00e8 possibile gestire le preferenze di tracciamento della maggior parte degli strumenti pubblicitari.<\/p>\n<p>\u00a0<strong>DIRITTI DELL\u2019UTENTE<\/strong><\/p>\n<p>In relazione ai suindicati trattamenti di dati, l\u2019Utente ha la facolt\u00e0 di esercitare in ogni momento i diritti previsti dal Codice in materia di protezione dei dati personali (articolo 7) e dal Regolamento (artt. 15, 16, 17, 18, 19, 20, 21), ossia i diritti di:<\/p>\n<ol>\n<li>a) accedere ai Dati che La riguardano;<\/li>\n<li>b) chiederne la rettifica, l&#8217;aggiornamento, l\u2019integrazione, la cancellazione, la limitazione o la portabilit\u00e0;<\/li>\n<li>c) opporsi al trattamento;<\/li>\n<li>d) revocare il consenso al trattamento dei dati<\/li>\n<li>e) proporre reclamo all\u2019Autorit\u00e0 Garante per la Protezione dei Dati Personali, seguendo le procedure e le indicazioni pubblicate sul sito web www.garanteprivacy.it.<\/li>\n<\/ol>\n<p>\u00a0Per esercitare tali diritti, scrivere al Titolare del trattamento dei dati:<\/p>\n<p>Denominazione: Ragusa Inn<\/p>\n<p>Sede legale: Via Cono 52 \u2013 Ragusa<\/p>\n<p>Tel. +39 3334430389 &#8211; Mail: info@ragusainn.com<\/p>\n<p>\u00a0Le ulteriori informazioni riguardo al trattamento dei dati si possono trovare al seguente link https:\/\/ragusainn.com\/privacy-policy\/<\/p>\n<p>\u00a0Ragusa Inn si riserva il diritto di aggiornare la presente informativa sul trattamento di dati personali.<\/p>\n<p>&nbsp;<\/p>\n<p><\/p>[\/et_pb_text][\/et_pb_column][\/et_pb_row][\/et_pb_section]","protected":false},"excerpt":{"rendered":"<p>INFORMATIVA SULL\u2019USO DEI COOKIE \u00a0 L\u2019informativa sull\u2019uso dei cookie descrive le tipologie di cookie utilizzati dal sito web www.ragusainn.com, le finalit\u00e0 dei cookie installati, e le modalit\u00e0 con cui l\u2019utente pu\u00f2 selezionare o deselezionare i cookie presenti sul Sito e che fruiscono dei servizi proposti, ed \u00e8 rilasciata ai sensi degli artt. 13, comma 3 [&hellip;]<\/p>","protected":false},"author":1,"featured_media":0,"parent":0,"menu_order":0,"comment_status":"closed","ping_status":"closed","template":"","meta":{"_et_pb_use_builder":"on","_et_pb_old_content":"","_et_gb_content_width":"","footnotes":""},"class_list":["post-513","page","type-page","status-publish","hentry"],"yoast_head":"<!-- This site is optimized with the Yoast SEO plugin v24.9 - https:\/\/yoast.com\/wordpress\/plugins\/seo\/ -->\n<title>Cookie policy - Ragusa Inn<\/title>\n<meta name=\"robots\" content=\"index, follow, max-snippet:-1, max-image-preview:large, max-video-preview:-1\" \/>\n<link rel=\"canonical\" href=\"https:\/\/ragusainn.com\/eng\/cookie-policy\/\" \/>\n<meta property=\"og:locale\" content=\"en_US\" \/>\n<meta property=\"og:type\" content=\"article\" \/>\n<meta property=\"og:title\" content=\"Cookie policy - Ragusa Inn\" \/>\n<meta property=\"og:description\" content=\"INFORMATIVA SULL\u2019USO DEI COOKIE \u00a0 L\u2019informativa sull\u2019uso dei cookie descrive le tipologie di cookie utilizzati dal sito web www.ragusainn.com, le finalit\u00e0 dei cookie installati, e le modalit\u00e0 con cui l\u2019utente pu\u00f2 selezionare o deselezionare i cookie presenti sul Sito e che fruiscono dei servizi proposti, ed \u00e8 rilasciata ai sensi degli artt. 13, comma 3 [&hellip;]\" \/>\n<meta property=\"og:url\" content=\"https:\/\/ragusainn.com\/eng\/cookie-policy\/\" \/>\n<meta property=\"og:site_name\" content=\"Ragusa Inn\" \/>\n<meta property=\"article:publisher\" content=\"https:\/\/www.facebook.com\/RagusaInn\" \/>\n<meta property=\"article:modified_time\" content=\"2025-12-22T11:56:47+00:00\" \/>\n<meta name=\"twitter:card\" content=\"summary_large_image\" \/>\n<script type=\"application\/ld+json\" class=\"yoast-schema-graph\">{\"@context\":\"https:\/\/schema.org\",\"@graph\":[{\"@type\":\"WebPage\",\"@id\":\"https:\/\/ragusainn.com\/cookie-policy\/\",\"url\":\"https:\/\/ragusainn.com\/cookie-policy\/\",\"name\":\"Cookie policy - Ragusa Inn\",\"isPartOf\":{\"@id\":\"https:\/\/ragusainn.com\/#website\"},\"datePublished\":\"2024-08-18T00:28:55+00:00\",\"dateModified\":\"2025-12-22T11:56:47+00:00\",\"breadcrumb\":{\"@id\":\"https:\/\/ragusainn.com\/cookie-policy\/#breadcrumb\"},\"inLanguage\":\"en-US\",\"potentialAction\":[{\"@type\":\"ReadAction\",\"target\":[\"https:\/\/ragusainn.com\/cookie-policy\/\"]}]},{\"@type\":\"BreadcrumbList\",\"@id\":\"https:\/\/ragusainn.com\/cookie-policy\/#breadcrumb\",\"itemListElement\":[{\"@type\":\"ListItem\",\"position\":1,\"name\":\"Home\",\"item\":\"https:\/\/ragusainn.com\/\"},{\"@type\":\"ListItem\",\"position\":2,\"name\":\"Cookie policy\"}]},{\"@type\":\"WebSite\",\"@id\":\"https:\/\/ragusainn.com\/#website\",\"url\":\"https:\/\/ragusainn.com\/\",\"name\":\"Ragusa Inn | B&B a Ragusa\",\"description\":\"B&amp;B a Ragusa\",\"publisher\":{\"@id\":\"https:\/\/ragusainn.com\/#organization\"},\"potentialAction\":[{\"@type\":\"SearchAction\",\"target\":{\"@type\":\"EntryPoint\",\"urlTemplate\":\"https:\/\/ragusainn.com\/?s={search_term_string}\"},\"query-input\":{\"@type\":\"PropertyValueSpecification\",\"valueRequired\":true,\"valueName\":\"search_term_string\"}}],\"inLanguage\":\"en-US\"},{\"@type\":\"Organization\",\"@id\":\"https:\/\/ragusainn.com\/#organization\",\"name\":\"Ragusa Inn\",\"url\":\"https:\/\/ragusainn.com\/\",\"logo\":{\"@type\":\"ImageObject\",\"inLanguage\":\"en-US\",\"@id\":\"https:\/\/ragusainn.com\/#\/schema\/logo\/image\/\",\"url\":\"https:\/\/ragusainn.com\/wp-content\/uploads\/2024\/01\/logo_full.png\",\"contentUrl\":\"https:\/\/ragusainn.com\/wp-content\/uploads\/2024\/01\/logo_full.png\",\"width\":1197,\"height\":409,\"caption\":\"Ragusa Inn\"},\"image\":{\"@id\":\"https:\/\/ragusainn.com\/#\/schema\/logo\/image\/\"},\"sameAs\":[\"https:\/\/www.facebook.com\/RagusaInn\"]}]}<\/script>\n<!-- \/ Yoast SEO plugin. -->","yoast_head_json":{"title":"Cookie policy - Ragusa Inn","robots":{"index":"index","follow":"follow","max-snippet":"max-snippet:-1","max-image-preview":"max-image-preview:large","max-video-preview":"max-video-preview:-1"},"canonical":"https:\/\/ragusainn.com\/eng\/cookie-policy\/","og_locale":"en_US","og_type":"article","og_title":"Cookie policy - Ragusa Inn","og_description":"INFORMATIVA SULL\u2019USO DEI COOKIE \u00a0 L\u2019informativa sull\u2019uso dei cookie descrive le tipologie di cookie utilizzati dal sito web www.ragusainn.com, le finalit\u00e0 dei cookie installati, e le modalit\u00e0 con cui l\u2019utente pu\u00f2 selezionare o deselezionare i cookie presenti sul Sito e che fruiscono dei servizi proposti, ed \u00e8 rilasciata ai sensi degli artt. 13, comma 3 [&hellip;]","og_url":"https:\/\/ragusainn.com\/eng\/cookie-policy\/","og_site_name":"Ragusa Inn","article_publisher":"https:\/\/www.facebook.com\/RagusaInn","article_modified_time":"2025-12-22T11:56:47+00:00","twitter_card":"summary_large_image","schema":{"@context":"https:\/\/schema.org","@graph":[{"@type":"WebPage","@id":"https:\/\/ragusainn.com\/cookie-policy\/","url":"https:\/\/ragusainn.com\/cookie-policy\/","name":"Cookie policy - Ragusa Inn","isPartOf":{"@id":"https:\/\/ragusainn.com\/#website"},"datePublished":"2024-08-18T00:28:55+00:00","dateModified":"2025-12-22T11:56:47+00:00","breadcrumb":{"@id":"https:\/\/ragusainn.com\/cookie-policy\/#breadcrumb"},"inLanguage":"en-US","potentialAction":[{"@type":"ReadAction","target":["https:\/\/ragusainn.com\/cookie-policy\/"]}]},{"@type":"BreadcrumbList","@id":"https:\/\/ragusainn.com\/cookie-policy\/#breadcrumb","itemListElement":[{"@type":"ListItem","position":1,"name":"Home","item":"https:\/\/ragusainn.com\/"},{"@type":"ListItem","position":2,"name":"Cookie policy"}]},{"@type":"WebSite","@id":"https:\/\/ragusainn.com\/#website","url":"https:\/\/ragusainn.com\/","name":"Ragusa Inn | B&B a Ragusa","description":"B&amp;B a Ragusa","publisher":{"@id":"https:\/\/ragusainn.com\/#organization"},"potentialAction":[{"@type":"SearchAction","target":{"@type":"EntryPoint","urlTemplate":"https:\/\/ragusainn.com\/?s={search_term_string}"},"query-input":{"@type":"PropertyValueSpecification","valueRequired":true,"valueName":"search_term_string"}}],"inLanguage":"en-US"},{"@type":"Organization","@id":"https:\/\/ragusainn.com\/#organization","name":"Ragusa Inn","url":"https:\/\/ragusainn.com\/","logo":{"@type":"ImageObject","inLanguage":"en-US","@id":"https:\/\/ragusainn.com\/#\/schema\/logo\/image\/","url":"https:\/\/ragusainn.com\/wp-content\/uploads\/2024\/01\/logo_full.png","contentUrl":"https:\/\/ragusainn.com\/wp-content\/uploads\/2024\/01\/logo_full.png","width":1197,"height":409,"caption":"Ragusa Inn"},"image":{"@id":"https:\/\/ragusainn.com\/#\/schema\/logo\/image\/"},"sameAs":["https:\/\/www.facebook.com\/RagusaInn"]}]}},"_links":{"self":[{"href":"https:\/\/ragusainn.com\/eng\/wp-json\/wp\/v2\/pages\/513","targetHints":{"allow":["GET"]}}],"collection":[{"href":"https:\/\/ragusainn.com\/eng\/wp-json\/wp\/v2\/pages"}],"about":[{"href":"https:\/\/ragusainn.com\/eng\/wp-json\/wp\/v2\/types\/page"}],"author":[{"embeddable":true,"href":"https:\/\/ragusainn.com\/eng\/wp-json\/wp\/v2\/users\/1"}],"replies":[{"embeddable":true,"href":"https:\/\/ragusainn.com\/eng\/wp-json\/wp\/v2\/comments?post=513"}],"version-history":[{"count":4,"href":"https:\/\/ragusainn.com\/eng\/wp-json\/wp\/v2\/pages\/513\/revisions"}],"predecessor-version":[{"id":573,"href":"https:\/\/ragusainn.com\/eng\/wp-json\/wp\/v2\/pages\/513\/revisions\/573"}],"wp:attachment":[{"href":"https:\/\/ragusainn.com\/eng\/wp-json\/wp\/v2\/media?parent=513"}],"curies":[{"name":"wp","href":"https:\/\/api.w.org\/{rel}","templated":true}]}}